{"id":792,"date":"2025-10-24T11:17:03","date_gmt":"2025-10-24T11:17:03","guid":{"rendered":"https:\/\/buchhaltermach.com\/thong-tin-phap-ly\/"},"modified":"2025-10-24T11:23:06","modified_gmt":"2025-10-24T11:23:06","slug":"thong-tin-phap-ly","status":"publish","type":"page","link":"https:\/\/buchhaltermach.com\/vi\/thong-tin-phap-ly\/","title":{"rendered":"Th\u00f4ng tin ph\u00e1p l\u00fd"},"content":{"rendered":"\t\t<div data-elementor-type=\"wp-page\" data-elementor-id=\"792\" class=\"elementor elementor-792 elementor-773\" data-elementor-post-type=\"page\">\n\t\t\t\t<div class=\"elementor-element elementor-element-f81f794 e-flex e-con-boxed e-con e-parent\" data-id=\"f81f794\" data-element_type=\"container\" data-e-type=\"container\">\n\t\t\t\t\t<div class=\"e-con-inner\">\n\t\t\t\t<div class=\"elementor-element elementor-element-d8815f9 elementor-widget elementor-widget-html\" data-id=\"d8815f9\" data-element_type=\"widget\" data-e-type=\"widget\" data-widget_type=\"html.default\">\n\t\t\t\t\t<h1>Th\u00f4ng tin ph\u00e1p l\u00fd<\/h1>\n\n<p>Tan Hieu Mach<br>Buchhalter Mach<br>Stembergstra\u00dfe 24<br>59755 Arnsberg<\/p>\n\n<h2>Li\u00ean h\u1ec7<\/h2>\n<p>\u0110i\u1ec7n tho\u1ea1i: 0211 90224644<br>E-Mail: info@buchhaltermach.com<\/p>\n\n<h2>M\u00e3 s\u1ed1 thu\u1ebf GTGT<\/h2>\n<p>M\u00e3 s\u1ed1 thu\u1ebf gi\u00e1 tr\u1ecb gia t\u0103ng theo \u0110i\u1ec1u 27a c\u1ee7a Lu\u1eadt Thu\u1ebf Gi\u00e1 Tr\u1ecb Gia T\u0103ng:<br>DE404849219<\/p>\n\n<h2>Gi\u1ea3i quy\u1ebft tranh ch\u1ea5p ng\u01b0\u1eddi ti\u00eau d\u00f9ng\/C\u01a1 quan h\u00f2a gi\u1ea3i chung<\/h2>\n<p>Ch\u00fang t\u00f4i kh\u00f4ng s\u1eb5n s\u00e0ng ho\u1eb7c kh\u00f4ng c\u00f3 ngh\u0129a v\u1ee5 tham gia v\u00e0o c\u00e1c th\u1ee7 t\u1ee5c gi\u1ea3i quy\u1ebft tranh ch\u1ea5p tr\u01b0\u1edbc c\u01a1 quan h\u00f2a gi\u1ea3i ng\u01b0\u1eddi ti\u00eau d\u00f9ng.<\/p>\t\t\t\t<\/div>\n\t\t\t\t\t<\/div>\n\t\t\t\t<\/div>\n\t\t\t\t<\/div>\n\t\t","protected":false},"excerpt":{"rendered":"<p>Th\u00f4ng tin ph\u00e1p l\u00fd Tan Hieu MachBuchhalter MachStembergstra\u00dfe 2459755 Arnsberg Li\u00ean h\u1ec7 \u0110i\u1ec7n tho\u1ea1i: 0211 90224644E-Mail: info@buchhaltermach.com M\u00e3 s\u1ed1 thu\u1ebf GTGT M\u00e3 s\u1ed1 thu\u1ebf gi\u00e1 tr\u1ecb gia t\u0103ng theo \u0110i\u1ec1u 27a c\u1ee7a Lu\u1eadt Thu\u1ebf Gi\u00e1 Tr\u1ecb Gia T\u0103ng:DE404849219 Gi\u1ea3i quy\u1ebft tranh ch\u1ea5p ng\u01b0\u1eddi ti\u00eau d\u00f9ng\/C\u01a1 quan h\u00f2a gi\u1ea3i chung Ch\u00fang t\u00f4i kh\u00f4ng s\u1eb5n s\u00e0ng ho\u1eb7c [&hellip;]<\/p>\n","protected":false},"author":2,"featured_media":0,"parent":0,"menu_order":0,"comment_status":"closed","ping_status":"closed","template":"","meta":{"footnotes":""},"class_list":["post-792","page","type-page","status-publish","hentry"],"_links":{"self":[{"href":"https:\/\/buchhaltermach.com\/vi\/wp-json\/wp\/v2\/pages\/792","targetHints":{"allow":["GET"]}}],"collection":[{"href":"https:\/\/buchhaltermach.com\/vi\/wp-json\/wp\/v2\/pages"}],"about":[{"href":"https:\/\/buchhaltermach.com\/vi\/wp-json\/wp\/v2\/types\/page"}],"author":[{"embeddable":true,"href":"https:\/\/buchhaltermach.com\/vi\/wp-json\/wp\/v2\/users\/2"}],"replies":[{"embeddable":true,"href":"https:\/\/buchhaltermach.com\/vi\/wp-json\/wp\/v2\/comments?post=792"}],"version-history":[{"count":1,"href":"https:\/\/buchhaltermach.com\/vi\/wp-json\/wp\/v2\/pages\/792\/revisions"}],"predecessor-version":[{"id":793,"href":"https:\/\/buchhaltermach.com\/vi\/wp-json\/wp\/v2\/pages\/792\/revisions\/793"}],"wp:attachment":[{"href":"https:\/\/buchhaltermach.com\/vi\/wp-json\/wp\/v2\/media?parent=792"}],"curies":[{"name":"wp","href":"https:\/\/api.w.org\/{rel}","templated":true}]}}