{"id":907,"date":"2025-10-24T11:17:03","date_gmt":"2025-10-24T11:17:03","guid":{"rendered":"https:\/\/buchhaltermach.com\/te-dhena-ligjore\/"},"modified":"2025-10-28T07:28:01","modified_gmt":"2025-10-28T07:28:01","slug":"te-dhena-ligjore","status":"publish","type":"page","link":"https:\/\/buchhaltermach.com\/sq\/te-dhena-ligjore\/","title":{"rendered":"T\u00eb dh\u00ebna ligjore"},"content":{"rendered":"\t\t<div data-elementor-type=\"wp-page\" data-elementor-id=\"907\" class=\"elementor elementor-907 elementor-773\" data-elementor-post-type=\"page\">\n\t\t\t\t<div class=\"elementor-element elementor-element-f81f794 e-flex e-con-boxed e-con e-parent\" data-id=\"f81f794\" data-element_type=\"container\" data-e-type=\"container\">\n\t\t\t\t\t<div class=\"e-con-inner\">\n\t\t\t\t<div class=\"elementor-element elementor-element-d8815f9 elementor-widget elementor-widget-html\" data-id=\"d8815f9\" data-element_type=\"widget\" data-e-type=\"widget\" data-widget_type=\"html.default\">\n\t\t\t\t\t<h1>T\u00eb dh\u00ebna ligjore<\/h1>\n\n<p><em>Ky \u00ebsht\u00eb versioni ligj\u00ebrisht i detyruesh\u00ebm. P\u00ebrkthimet n\u00eb gjuh\u00eb t\u00eb tjera sh\u00ebrbejn\u00eb vet\u00ebm p\u00ebr nj\u00eb kuptim m\u00eb t\u00eb mir\u00eb. <\/em><\/p>\n\n\n<p>Tan Hieu Mach<br>Buchhalter Mach<br>Stembergstra\u00dfe 24<br>59755 Arnsberg<\/p>\n\n<h2>Kontakti<\/h2>\n<p>Telefon: 0211 90224644<br>E-mail: info@buchhaltermach.com<\/p>\n\n<h2>Numri i identifikimit t\u00eb TVSH-s\u00eb<\/h2>\n<p>Numri i identifikimit t\u00eb TVSH-s\u00eb sipas \u00a7 27 a t\u00eb Ligjit p\u00ebr TVSH-n\u00eb:<br>DE404849219<\/p>\n\n<h2>Zgjidhja e mosmarr\u00ebveshjeve t\u00eb konsumator\u00ebve\/Organi universal i nd\u00ebrmjet\u00ebsimit<\/h2>\n<p>Ne nuk jemi t\u00eb gatsh\u00ebm ose t\u00eb detyruar t\u00eb marrim pjes\u00eb n\u00eb procedurat e zgjidhjes s\u00eb mosmarr\u00ebveshjeve para nj\u00eb organi t\u00eb nd\u00ebrmjet\u00ebsimit t\u00eb konsumator\u00ebve.<\/p>\t\t\t\t<\/div>\n\t\t\t\t\t<\/div>\n\t\t\t\t<\/div>\n\t\t\t\t<\/div>\n\t\t","protected":false},"excerpt":{"rendered":"<p>T\u00eb dh\u00ebna ligjore Ky \u00ebsht\u00eb versioni ligj\u00ebrisht i detyruesh\u00ebm. P\u00ebrkthimet n\u00eb gjuh\u00eb t\u00eb tjera sh\u00ebrbejn\u00eb vet\u00ebm p\u00ebr nj\u00eb kuptim m\u00eb t\u00eb mir\u00eb. Tan Hieu MachBuchhalter MachStembergstra\u00dfe 2459755 Arnsberg Kontakti Telefon: 0211 90224644E-mail: info@buchhaltermach.com Numri i identifikimit t\u00eb TVSH-s\u00eb Numri i identifikimit t\u00eb TVSH-s\u00eb sipas \u00a7 27 a t\u00eb Ligjit p\u00ebr TVSH-n\u00eb:DE404849219 Zgjidhja e mosmarr\u00ebveshjeve t\u00eb [&hellip;]<\/p>\n","protected":false},"author":2,"featured_media":0,"parent":0,"menu_order":0,"comment_status":"closed","ping_status":"closed","template":"","meta":{"footnotes":""},"class_list":["post-907","page","type-page","status-publish","hentry"],"_links":{"self":[{"href":"https:\/\/buchhaltermach.com\/sq\/wp-json\/wp\/v2\/pages\/907","targetHints":{"allow":["GET"]}}],"collection":[{"href":"https:\/\/buchhaltermach.com\/sq\/wp-json\/wp\/v2\/pages"}],"about":[{"href":"https:\/\/buchhaltermach.com\/sq\/wp-json\/wp\/v2\/types\/page"}],"author":[{"embeddable":true,"href":"https:\/\/buchhaltermach.com\/sq\/wp-json\/wp\/v2\/users\/2"}],"replies":[{"embeddable":true,"href":"https:\/\/buchhaltermach.com\/sq\/wp-json\/wp\/v2\/comments?post=907"}],"version-history":[{"count":1,"href":"https:\/\/buchhaltermach.com\/sq\/wp-json\/wp\/v2\/pages\/907\/revisions"}],"predecessor-version":[{"id":908,"href":"https:\/\/buchhaltermach.com\/sq\/wp-json\/wp\/v2\/pages\/907\/revisions\/908"}],"wp:attachment":[{"href":"https:\/\/buchhaltermach.com\/sq\/wp-json\/wp\/v2\/media?parent=907"}],"curies":[{"name":"wp","href":"https:\/\/api.w.org\/{rel}","templated":true}]}}